{"id":4925,"date":"2022-11-07T10:16:36","date_gmt":"2022-11-07T13:16:36","guid":{"rendered":"https:\/\/revistaempresarios.net\/web\/?page_id=4925"},"modified":"2025-05-26T15:41:25","modified_gmt":"2025-05-26T18:41:25","slug":"edicao-revista-online","status":"publish","type":"page","link":"https:\/\/revistaempresarios.net\/web\/edicao-revista-online\/","title":{"rendered":"Edi\u00e7\u00e3o Revista Online"},"content":{"rendered":"<div class=\"wpb-content-wrapper\"><p>[vc_row][vc_column][vc_column_text css=&#8221;&#8221;]<a href=\"https:\/\/revistaempresarios.net\/web\/wp-content\/uploads\/2025\/05\/Revista-Empresarios-Edicao-de-Maio-e-junho-2025-03.pdf\" class=\"pdfemb-viewer\" style=\"\" data-width=\"max\" data-height=\"max\" data-toolbar=\"bottom\" data-toolbar-fixed=\"off\">Revista Empres\u00e1rios Edi\u00e7\u00e3o de Maio e Junho 2025<\/a>[\/vc_column_text][\/vc_column][\/vc_row][vc_row][vc_column width=&#8221;1\/3&#8243;][\/vc_column][vc_column width=&#8221;1\/3&#8243;][vc_btn title=&#8221;Veja Mais &#8211; outras Revistas&#8221; color=&#8221;primary&#8221; size=&#8221;xl&#8221; align=&#8221;center&#8221; link=&#8221;url:https%3A%2F%2Frevistaempresarios.net%2Fweb%2Frevista-online-demais-numeros%2F|title:Revista%20Online%20%E2%80%93%20Demais%20N%C3%BAmeros&#8221;][\/vc_column][vc_column width=&#8221;1\/3&#8243;][\/vc_column][\/vc_row]<\/p>\n<\/div>","protected":false},"excerpt":{"rendered":"<p>[vc_row][vc_column][vc_column_text css=&#8221;&#8221;][\/vc_column_text][\/vc_column][\/vc_row][vc_row][vc_column width=&#8221;1\/3&#8243;][\/vc_column][vc_column width=&#8221;1\/3&#8243;][vc_btn title=&#8221;Veja Mais &#8211; outras Revistas&#8221; color=&#8221;primary&#8221; size=&#8221;xl&#8221; align=&#8221;center&#8221; link=&#8221;url:https%3A%2F%2Frevistaempresarios.net%2Fweb%2Frevista-online-demais-numeros%2F|title:Revista%20Online%20%E2%80%93%20Demais%20N%C3%BAmeros&#8221;][\/vc_column][vc_column width=&#8221;1\/3&#8243;][\/vc_column][\/vc_row]<\/p>\n","protected":false},"author":1,"featured_media":0,"parent":0,"menu_order":0,"comment_status":"closed","ping_status":"closed","template":"","meta":{"footnotes":""},"jetpack_sharing_enabled":true,"jetpack-related-posts":[],"_links":{"self":[{"href":"https:\/\/revistaempresarios.net\/web\/wp-json\/wp\/v2\/pages\/4925"}],"collection":[{"href":"https:\/\/revistaempresarios.net\/web\/wp-json\/wp\/v2\/pages"}],"about":[{"href":"https:\/\/revistaempresarios.net\/web\/wp-json\/wp\/v2\/types\/page"}],"author":[{"embeddable":true,"href":"https:\/\/revistaempresarios.net\/web\/wp-json\/wp\/v2\/users\/1"}],"replies":[{"embeddable":true,"href":"https:\/\/revistaempresarios.net\/web\/wp-json\/wp\/v2\/comments?post=4925"}],"version-history":[{"count":25,"href":"https:\/\/revistaempresarios.net\/web\/wp-json\/wp\/v2\/pages\/4925\/revisions"}],"predecessor-version":[{"id":18331,"href":"https:\/\/revistaempresarios.net\/web\/wp-json\/wp\/v2\/pages\/4925\/revisions\/18331"}],"wp:attachment":[{"href":"https:\/\/revistaempresarios.net\/web\/wp-json\/wp\/v2\/media?parent=4925"}],"curies":[{"name":"wp","href":"https:\/\/api.w.org\/{rel}","templated":true}]}}